{"id":2235,"date":"2019-11-23T01:14:36","date_gmt":"2019-11-23T00:14:36","guid":{"rendered":"https:\/\/harmonyhorse-hastbutik.se\/product\/import-placeholder-for-1053\/"},"modified":"2024-10-05T17:53:19","modified_gmt":"2024-10-05T15:53:19","slug":"kompositskuminlagg-till-sadelpad-portuguesa-15-mm-parvis","status":"publish","type":"product","link":"https:\/\/harmonyhorse-hastbutik.se\/en\/product\/kompositskuminlagg-till-sadelpad-portuguesa-15-mm-parvis\/","title":{"rendered":"Inl\u00e4gg till Portuguesa Sadelpad,15 mm, parvis"},"content":{"rendered":"<p style=\"font-weight: 400;\"><span style=\"font-weight: inherit; font-style: inherit;\"><span style=\"font-style: inherit;\"><strong>Christ Kompositskuminl\u00e4gg f\u00f6r Portuguesa sadelpad <\/strong>ur Horsedream serien.<\/span><\/span><\/p>\n<p style=\"font-weight: 400;\"><span style=\"font-weight: inherit; font-style: inherit;\"><span style=\"font-style: inherit;\">Ett par kompositskumsinl\u00e4gg f\u00f6r v\u00e5r <a href=\"https:\/\/harmonyhorse-hastbutik.se\/en\/produkt\/christ-portugues-schabrak-helfodrat-lammull\/\" target=\"_blank\" rel=\"noopener noreferrer\">sadelpad Portuguesa<\/a>, artikel 5790. Dessa inl\u00e4gg m\u00f6jligg\u00f6r anpassad stoppning f\u00f6r tryckavlastning eller korrigering av sadeln. <\/span><\/span><\/p>\n<p style=\"font-weight: 400;\"><span style=\"font-weight: inherit; font-style: inherit;\"><span style=\"font-style: inherit;\">De \u00e4r mycket slitstarka, svettbest\u00e4ndiga och sliter inte ens med permanent anv\u00e4ndning. De \u00e4r speciellt formade f\u00f6r sadelpadden Portuguesa. N\u00e4r du s\u00e4tter in inl\u00e4gget m\u00e5ste den avrundade kanten peka mot h\u00e4sten. Materialets tjocklek \u00e4r 15 mm. Kompositskuminl\u00e4ggen s\u00e4ljes parvis.<\/span><\/span><\/p>\n<p>Size: Full<\/p>\n<p>1-Year Warranty On The Products<\/p>\n<p>Free Shipping<\/p>","protected":false},"excerpt":{"rendered":"<p>Christ Kompositskuminl\u00e4gg till sadelpad Portuguesa<span style=\"font-weight: inherit; font-style: inherit;\">\u00a0<\/span><span style=\"font-weight: inherit; font-style: inherit;\">fr\u00e5n Christ Lammfelle Horsedream serie. Se beskrivning nedan.<\/span><\/p>","protected":false},"featured_media":5796,"comment_status":"open","ping_status":"closed","template":"","meta":[],"product_cat":[509],"product_tag":[1174,461,462,463],"_links":{"self":[{"href":"https:\/\/harmonyhorse-hastbutik.se\/en\/wp-json\/wp\/v2\/product\/2235"}],"collection":[{"href":"https:\/\/harmonyhorse-hastbutik.se\/en\/wp-json\/wp\/v2\/product"}],"about":[{"href":"https:\/\/harmonyhorse-hastbutik.se\/en\/wp-json\/wp\/v2\/types\/product"}],"replies":[{"embeddable":true,"href":"https:\/\/harmonyhorse-hastbutik.se\/en\/wp-json\/wp\/v2\/comments?post=2235"}],"wp:featuredmedia":[{"embeddable":true,"href":"https:\/\/harmonyhorse-hastbutik.se\/en\/wp-json\/wp\/v2\/media\/5796"}],"wp:attachment":[{"href":"https:\/\/harmonyhorse-hastbutik.se\/en\/wp-json\/wp\/v2\/media?parent=2235"}],"wp:term":[{"taxonomy":"product_cat","embeddable":true,"href":"https:\/\/harmonyhorse-hastbutik.se\/en\/wp-json\/wp\/v2\/product_cat?post=2235"},{"taxonomy":"product_tag","embeddable":true,"href":"https:\/\/harmonyhorse-hastbutik.se\/en\/wp-json\/wp\/v2\/product_tag?post=2235"}],"curies":[{"name":"wp","href":"https:\/\/api.w.org\/{rel}","templated":true}]}}