{"id":2251,"date":"2019-11-23T01:14:59","date_gmt":"2019-11-23T00:14:59","guid":{"rendered":"https:\/\/harmonyhorse-hastbutik.se\/product\/import-placeholder-for-1064\/"},"modified":"2024-12-12T21:46:13","modified_gmt":"2024-12-12T20:46:13","slug":"christ-lammfelle-svansskydd-transport","status":"publish","type":"product","link":"https:\/\/harmonyhorse-hastbutik.se\/en\/product\/christ-lammfelle-svansskydd-transport\/","title":{"rendered":"Christ Svansskydd transport\/ Tail Guard, lammull"},"content":{"rendered":"<p style=\"font-weight: 400;\"><b>Christ Lammfelle svansskydd f\u00f6r transporten <\/b>av<span style=\"font-weight: 400;\"> \u00e4kta lammull ur Horsedream-serien. Svansskyddet motverkar skav p\u00e5 svansroten. Svansskydd f\u00f6r b\u00e5de transport, i stallet samt ute p\u00e5 betet. F\u00e4stes med 4 kardborrekn\u00e4ppningar. Svansskyddet f\u00e4stes i t\u00e4cket med hj\u00e4lp av en D-ring.<\/span><\/p>\n<p>Tv\u00e4ttbar nylontextil som \u00e4r l\u00e4tt att h\u00e5lla rent.<\/p>\n<p>Color: Black\/Natural<\/p>\n<p>Size: Full<\/p>\n<p>Tv\u00e4ttas i maskin med v\u00e5rt s\u00e4rskilt anpassade tv\u00e4ttmedel f\u00f6r f\u00e5rskinn\/lammull och kan torktumlas.<\/p>\n<p>1-Year Warranty On The Products<\/p>\n<p>&nbsp;<\/p>\n<p>Christ Lammfelle Svansskydd kan delbetalas r\u00e4ntefritt 3-12 m\u00e5nader med v\u00e5r samarbetspartner Svea webpay.<\/p>","protected":false},"excerpt":{"rendered":"<p>Christ Lammfelle Svansskydd av \u00e4kta lammull<span style=\"font-weight: inherit; font-style: inherit;\">. Se beskrivning nedan.<\/span><\/p>","protected":false},"featured_media":4865,"comment_status":"open","ping_status":"closed","template":"","meta":[],"product_cat":[470],"product_tag":[471,472,473,1060],"_links":{"self":[{"href":"https:\/\/harmonyhorse-hastbutik.se\/en\/wp-json\/wp\/v2\/product\/2251"}],"collection":[{"href":"https:\/\/harmonyhorse-hastbutik.se\/en\/wp-json\/wp\/v2\/product"}],"about":[{"href":"https:\/\/harmonyhorse-hastbutik.se\/en\/wp-json\/wp\/v2\/types\/product"}],"replies":[{"embeddable":true,"href":"https:\/\/harmonyhorse-hastbutik.se\/en\/wp-json\/wp\/v2\/comments?post=2251"}],"wp:featuredmedia":[{"embeddable":true,"href":"https:\/\/harmonyhorse-hastbutik.se\/en\/wp-json\/wp\/v2\/media\/4865"}],"wp:attachment":[{"href":"https:\/\/harmonyhorse-hastbutik.se\/en\/wp-json\/wp\/v2\/media?parent=2251"}],"wp:term":[{"taxonomy":"product_cat","embeddable":true,"href":"https:\/\/harmonyhorse-hastbutik.se\/en\/wp-json\/wp\/v2\/product_cat?post=2251"},{"taxonomy":"product_tag","embeddable":true,"href":"https:\/\/harmonyhorse-hastbutik.se\/en\/wp-json\/wp\/v2\/product_tag?post=2251"}],"curies":[{"name":"wp","href":"https:\/\/api.w.org\/{rel}","templated":true}]}}