{"id":4836,"date":"2020-11-21T09:17:34","date_gmt":"2020-11-21T08:17:34","guid":{"rendered":"https:\/\/harmonyhorse-hastbutik.se\/?post_type=product&#038;p=4836"},"modified":"2022-05-10T09:16:15","modified_gmt":"2022-05-10T07:16:15","slug":"christ-lammfelle-hundmatta-bil","status":"publish","type":"product","link":"https:\/\/harmonyhorse-hastbutik.se\/en\/product\/christ-lammfelle-hundmatta-bil\/","title":{"rendered":"C hundmatta the Centre of the journey, and sheep&#039;s wool"},"content":{"rendered":"<p style=\"font-weight: 400;\"><span style=\"font-weight: inherit; font-style: inherit;\"><span style=\"font-style: inherit;\"><strong>Christ hundmatta Chilly f\u00f6r resan <\/strong>av \u00e4kta lammull. Denna matta f\u00f6r din hund kan snabbt rullas ut och rullas ihop igen, tack vare l\u00e4dersp\u00e4nnena. L\u00e4derbanden g\u00f6r att mattan kan b\u00e4ras som en v\u00e4ska.\u00a0<\/span><\/span><\/p>\n<p style=\"font-weight: 400;\"><span style=\"font-weight: inherit; font-style: inherit;\"><span style=\"font-style: inherit;\">Hundmattan kommer att vara mycket anv\u00e4ndbar f\u00f6r dig och din hund p\u00e5 era rese\u00e4ventyr!<\/span><\/span><\/p>\n<p>Storlek: 50&#215;80 cm<\/p>\n<p>Color: Brown<\/p>\n<p>Hundmatta Chilly klarar normal tv\u00e4tt i maskin vid l\u00e5ga temperaturer. Anv\u00e4nd v\u00e5rt speciella <a href=\"https:\/\/harmonyhorse-hastbutik.se\/en\/produkt\/christ-c7-tvattmedel-for-farskinn\/\" target=\"_blank\" rel=\"noopener noreferrer\">detergent suited for sheepskin\/lamb wool<\/a>.<\/p>\n<p><span style=\"display: inline !important; float: none; background-color: #ffffff; color: #333333; cursor: text; font-family: Georgia,'Times New Roman','Bitstream Charter',Times,serif; font-size: 16px; font-style: normal; font-variant: normal; font-weight: 400; letter-spacing: normal; orphans: 2; text-align: left; text-decoration: none; text-indent: 0px; text-transform: none; -webkit-text-stroke-width: 0px; white-space: normal; word-spacing: 0px;\">1-Year Warranty On The Products<\/span><\/p>\n<p>Christ Lammfelle hundmatta Chilly kan delbetalas r\u00e4ntefritt 3-12 m\u00e5nader med v\u00e5r samarbetspartner Sveawebpay.<\/p>","protected":false},"excerpt":{"rendered":"<p><span style=\"font-weight: inherit; font-style: inherit;\"><span style=\"font-style: inherit;\">Ny kollektion! Christ Lammfelle hundmatta Chilly f\u00f6r bilresan, av \u00e4kta lammull. <\/span><span style=\"font-style: inherit;\">\u00a0See description below.<\/span><\/span><\/p>","protected":false},"featured_media":4839,"comment_status":"open","ping_status":"closed","template":"","meta":[],"product_cat":[15],"product_tag":[1049,1048,1059,1050,1051],"_links":{"self":[{"href":"https:\/\/harmonyhorse-hastbutik.se\/en\/wp-json\/wp\/v2\/product\/4836"}],"collection":[{"href":"https:\/\/harmonyhorse-hastbutik.se\/en\/wp-json\/wp\/v2\/product"}],"about":[{"href":"https:\/\/harmonyhorse-hastbutik.se\/en\/wp-json\/wp\/v2\/types\/product"}],"replies":[{"embeddable":true,"href":"https:\/\/harmonyhorse-hastbutik.se\/en\/wp-json\/wp\/v2\/comments?post=4836"}],"wp:featuredmedia":[{"embeddable":true,"href":"https:\/\/harmonyhorse-hastbutik.se\/en\/wp-json\/wp\/v2\/media\/4839"}],"wp:attachment":[{"href":"https:\/\/harmonyhorse-hastbutik.se\/en\/wp-json\/wp\/v2\/media?parent=4836"}],"wp:term":[{"taxonomy":"product_cat","embeddable":true,"href":"https:\/\/harmonyhorse-hastbutik.se\/en\/wp-json\/wp\/v2\/product_cat?post=4836"},{"taxonomy":"product_tag","embeddable":true,"href":"https:\/\/harmonyhorse-hastbutik.se\/en\/wp-json\/wp\/v2\/product_tag?post=4836"}],"curies":[{"name":"wp","href":"https:\/\/api.w.org\/{rel}","templated":true}]}}