{"id":4849,"date":"2020-11-21T09:54:40","date_gmt":"2020-11-21T08:54:40","guid":{"rendered":"https:\/\/harmonyhorse-hastbutik.se\/?post_type=product&#038;p=4849"},"modified":"2024-08-29T03:22:32","modified_gmt":"2024-08-29T01:22:32","slug":"hundvaska","status":"publish","type":"product","link":"https:\/\/harmonyhorse-hastbutik.se\/en\/product\/hundvaska\/","title":{"rendered":"Hundv\u00e4ska, hundv\u00e4ska liten hund, hundv\u00e4ska av \u00e4kta lammskinn, Hundv\u00e4ska Bailey"},"content":{"rendered":"<p style=\"font-weight: 400;\"><span style=\"font-weight: inherit; font-style: inherit;\"><span style=\"font-style: inherit;\"><strong>Hundv\u00e4ska, f\u00f6r liten hund, hundv\u00e4ska av \u00e4kta lammskinn<\/strong>. Werner Christs <strong>hundv\u00e4ska<\/strong> <strong>Bailey<\/strong> kan anv\u00e4ndas f\u00f6r att b\u00e4ra din hund och som en hundfilt. Tack vare den integrerade avtagbara lammskinnsfilten, kan du ta med dig din hund var som helst och vara f\u00f6rs\u00e4krad om att den har det sk\u00f6nt och mysigt.<\/span><\/span><\/p>\n<p>Hundv\u00e4skan kan anv\u00e4ndas f\u00f6r att b\u00e4ra din hund och som <strong>hundfilt<\/strong>. Tack vare den integrerade och avtagbara <strong>lammskinnsfilten<\/strong> kan du ta med dig din hund vart du vill och vara s\u00e4ker p\u00e5 att den k\u00e4nner sig mysig och ombonad. Hundv\u00e4skan kan anv\u00e4ndas f\u00f6r transport i bil och flyg. V\u00e4skan har \u00e4ven en karbinhake f\u00f6r att s\u00e4kra din hund.<\/p>\n<p><strong>Bailey hundv\u00e4ska \u00e4r tillverkad av mjukt och \u00e4kta lammskinn<\/strong> (djup ca 25 mm)<br \/>\nLuktfri och antibakteriell<br \/>\nYttertyg vind- och vattenavvisande (100 % polyamid)<br \/>\nV\u00e5r hundv\u00e4ska f\u00f6r liten hund \u00e4r maskintv\u00e4ttbar med lammskinnstv\u00e4ttmedel och t\u00e5l torktumling.<\/p>\n<p>WERNER CHRIST HORSE produkter kan tv\u00e4ttas i maskin vid en maxtemperatur p\u00e5 30 \u00b0 C i ulltv\u00e4ttprogrammet.<br \/>\nVi rekommenderar att du anv\u00e4nder v\u00e5rt WERNER CHRIST C7 tv\u00e4ttmedel f\u00f6r lammskinn. Det \u00e4r ett milj\u00f6v\u00e4nligt koncentrat speciellt utvecklat f\u00f6r optimala resultat med v\u00e5ra produkter.<br \/>\nEfter tv\u00e4ttcykeln kan du torka lammskinnet i din torktumlare (vid en temperatur p\u00e5 upp till 40\u00b0C) eller i frisk luft. Dra regelbundet ditt f\u00e5rskinn i form medan det torkar.<br \/>\nObservera tv\u00e4ttr\u00e5den som bifogas din best\u00e4llning.<\/p>\n<p><strong>Hundv\u00e4ska Dog Bag Bailey<\/strong> har ocks\u00e5 en karbinhake f\u00f6r att s\u00e4kra hunden. Denna hundv\u00e4ska finns i tv\u00e5 storlekar.<\/p>\n<p>Size: Small \u2013 35 x 20 x 25 cm<\/p>\n<p>Large \u2013 40 x 25 x 30 cm<\/p>\n<p><span style=\"display: inline !important; float: none; background-color: #ffffff; color: #333333; cursor: text; font-family: Georgia,'Times New Roman','Bitstream Charter',Times,serif; font-size: 16px; font-style: normal; font-variant: normal; font-weight: 400; letter-spacing: normal; orphans: 2; text-align: left; text-decoration: none; text-indent: 0px; text-transform: none; -webkit-text-stroke-width: 0px; white-space: normal; word-spacing: 0px;\">1-Year Warranty On The Products<\/span><\/p>\n<p><iframe loading=\"lazy\" title=\"YouTube video player\" src=\"https:\/\/www.youtube.com\/embed\/EEtoXYFRVwE?si=s5kkYdGFnPVwpeZX\" width=\"560\" height=\"315\" frameborder=\"0\" allowfullscreen=\"allowfullscreen\"><\/iframe><\/p>\n<p>Hundv\u00e4ska Bailey, liten hundv\u00e4ska kan delbetalas r\u00e4ntefritt 3-12 m\u00e5nader med v\u00e5r samarbetspartner Sveawebpay.<\/p>","protected":false},"excerpt":{"rendered":"<p><span style=\"font-weight: inherit; font-style: inherit;\"><span style=\"font-style: inherit;\">New collection!!! Christ Lammfelle Dog-Bag-Bailey-small hundv\u00e4ska, genuine lamb leather. <\/span><span style=\"font-style: inherit;\">\u00a0See description below.<\/span><\/span><\/p>","protected":false},"featured_media":7477,"comment_status":"open","ping_status":"closed","template":"","meta":[],"product_cat":[15],"product_tag":[1455,1054,1053,1456,1457,1454,1052],"_links":{"self":[{"href":"https:\/\/harmonyhorse-hastbutik.se\/en\/wp-json\/wp\/v2\/product\/4849"}],"collection":[{"href":"https:\/\/harmonyhorse-hastbutik.se\/en\/wp-json\/wp\/v2\/product"}],"about":[{"href":"https:\/\/harmonyhorse-hastbutik.se\/en\/wp-json\/wp\/v2\/types\/product"}],"replies":[{"embeddable":true,"href":"https:\/\/harmonyhorse-hastbutik.se\/en\/wp-json\/wp\/v2\/comments?post=4849"}],"wp:featuredmedia":[{"embeddable":true,"href":"https:\/\/harmonyhorse-hastbutik.se\/en\/wp-json\/wp\/v2\/media\/7477"}],"wp:attachment":[{"href":"https:\/\/harmonyhorse-hastbutik.se\/en\/wp-json\/wp\/v2\/media?parent=4849"}],"wp:term":[{"taxonomy":"product_cat","embeddable":true,"href":"https:\/\/harmonyhorse-hastbutik.se\/en\/wp-json\/wp\/v2\/product_cat?post=4849"},{"taxonomy":"product_tag","embeddable":true,"href":"https:\/\/harmonyhorse-hastbutik.se\/en\/wp-json\/wp\/v2\/product_tag?post=4849"}],"curies":[{"name":"wp","href":"https:\/\/api.w.org\/{rel}","templated":true}]}}