{"id":5649,"date":"2020-11-25T21:29:53","date_gmt":"2020-11-25T20:29:53","guid":{"rendered":"https:\/\/harmonyhorse-hastbutik.se\/?post_type=product&#038;p=5649"},"modified":"2024-12-12T21:38:18","modified_gmt":"2024-12-12T20:38:18","slug":"christ-ridvast-lammskinn","status":"publish","type":"product","link":"https:\/\/harmonyhorse-hastbutik.se\/en\/product\/christ-ridvast-lammskinn\/","title":{"rendered":"C ridv\u00e4st, mr, James, lambskin, size 48-58"},"content":{"rendered":"<p style=\"font-weight: 400;\"><span style=\"font-weight: inherit; font-style: inherit;\"><b><span style=\"font-style: inherit;\">Christ Lammfelle damherr Humphrey <\/span><\/b><span style=\"font-style: inherit;\">f\u00f6r ryttaren av \u00e4kta lammskinn. Herrns ridv\u00e4st &#8221;Humphrey&#8221; \u00e4r gjord av \u00f6verl\u00e4gsen kvalitet av exklusivt lammskinn. Med sin snygga siluett och bekv\u00e4ma passform, blir den l\u00e4tt din dagliga favoritv\u00e4st. <\/span><\/span><\/p>\n<p style=\"font-weight: 400;\"><span style=\"font-weight: inherit; font-style: inherit;\"><span style=\"font-style: inherit;\">Dess fashionabla funktionalitet g\u00f6r denna modell extremt m\u00e5ngsidig. 2-v\u00e4gs dragkedja och innerficka\u00a0<\/span><\/span><\/p>\n<p style=\"font-weight: 400;\"><span style=\"font-weight: inherit; font-style: inherit;\"><span style=\"font-style: inherit;\">Humphrey ridv\u00e4st av lammskinn kan tv\u00e4ttas i maskin med v\u00e5rt speciella <a href=\"https:\/\/harmonyhorse-hastbutik.se\/en\/produkt\/christ-c7-tvattmedel-for-farskinn\/\" target=\"_blank\" rel=\"noopener noreferrer\">washing of the lambs<\/a>.<\/span><\/span><\/p>\n<p>Storlek: 48-58<\/p>\n<p>Color: Black, light Brown, and dark Brown<\/p>\n<p><span style=\"display: inline !important; float: none; background-color: #ffffff; color: #333333; cursor: text; font-family: Georgia,'Times New Roman','Bitstream Charter',Times,serif; font-size: 16px; font-style: normal; font-variant: normal; font-weight: 400; letter-spacing: normal; orphans: 2; text-align: left; text-decoration: none; text-indent: 0px; text-transform: none; -webkit-text-stroke-width: 0px; white-space: normal; word-spacing: 0px;\">1-Year Warranty On The Products<\/span><\/p>\n<p>Christ Lammfelle ridv\u00e4st Humphrey kan delbetalas r\u00e4ntefritt 3-12 m\u00e5nader med v\u00e5r samarbetspartner Svea webpay.<\/p>","protected":false},"excerpt":{"rendered":"<p><span style=\"font-weight: inherit; font-style: inherit;\"><span style=\"font-style: inherit;\">Christ Lammfelle herrv\u00e4st Humphrey <\/span><span style=\"font-style: inherit;\">f\u00f6r ryttaren, av \u00e4kta lammskinn. Ridv\u00e4st &#8221;Humphrey&#8221; \u00e4r gjord av \u00f6verl\u00e4gsen kvalitet av exklusivt lammskinn. Se beskrivning nedan.<\/span><\/span><\/p>","protected":false},"featured_media":5655,"comment_status":"open","ping_status":"closed","template":"","meta":[],"product_cat":[1023],"product_tag":[1028,1030,1160,1029,1032,1025,1026,1027,1031],"_links":{"self":[{"href":"https:\/\/harmonyhorse-hastbutik.se\/en\/wp-json\/wp\/v2\/product\/5649"}],"collection":[{"href":"https:\/\/harmonyhorse-hastbutik.se\/en\/wp-json\/wp\/v2\/product"}],"about":[{"href":"https:\/\/harmonyhorse-hastbutik.se\/en\/wp-json\/wp\/v2\/types\/product"}],"replies":[{"embeddable":true,"href":"https:\/\/harmonyhorse-hastbutik.se\/en\/wp-json\/wp\/v2\/comments?post=5649"}],"wp:featuredmedia":[{"embeddable":true,"href":"https:\/\/harmonyhorse-hastbutik.se\/en\/wp-json\/wp\/v2\/media\/5655"}],"wp:attachment":[{"href":"https:\/\/harmonyhorse-hastbutik.se\/en\/wp-json\/wp\/v2\/media?parent=5649"}],"wp:term":[{"taxonomy":"product_cat","embeddable":true,"href":"https:\/\/harmonyhorse-hastbutik.se\/en\/wp-json\/wp\/v2\/product_cat?post=5649"},{"taxonomy":"product_tag","embeddable":true,"href":"https:\/\/harmonyhorse-hastbutik.se\/en\/wp-json\/wp\/v2\/product_tag?post=5649"}],"curies":[{"name":"wp","href":"https:\/\/api.w.org\/{rel}","templated":true}]}}