{"id":5816,"date":"2020-11-29T11:40:58","date_gmt":"2020-11-29T10:40:58","guid":{"rendered":"https:\/\/harmonyhorse-hastbutik.se\/?post_type=product&#038;p=5816"},"modified":"2024-10-05T17:51:33","modified_gmt":"2024-10-05T15:51:33","slug":"inlagg-till-quantum-sadelpad-15-mm-parvis","status":"publish","type":"product","link":"https:\/\/harmonyhorse-hastbutik.se\/en\/product\/inlagg-till-quantum-sadelpad-15-mm-parvis\/","title":{"rendered":"Inl\u00e4gg till Quantum Sadelpad,15 mm, parvis"},"content":{"rendered":"<p style=\"font-weight: 400;\"><span style=\"font-weight: inherit; font-style: inherit;\"><span style=\"font-style: inherit;\"><strong>Christ Kompositskuminl\u00e4gg f\u00f6r Quantum sadelpad <\/strong>ur Horsedream serien.<\/span><\/span><\/p>\n<p style=\"font-weight: 400;\"><span style=\"font-weight: inherit; font-style: inherit;\"><span style=\"font-style: inherit;\">Ett par kompositskumsinl\u00e4gg f\u00f6r v\u00e5r <a href=\"https:\/\/harmonyhorse-hastbutik.se\/en\/produkt\/christ-sadelpad-helfodrad-lammull\/\" target=\"_blank\" rel=\"noopener noreferrer\">sadelpad Quantum<\/a>, artikel 5792. Dessa inl\u00e4gg m\u00f6jligg\u00f6r anpassad stoppning f\u00f6r tryckavlastning eller korrigering av sadeln. <\/span><\/span><\/p>\n<p style=\"font-weight: 400;\"><span style=\"font-weight: inherit; font-style: inherit;\"><span style=\"font-style: inherit;\">De \u00e4r mycket slitstarka, svettbest\u00e4ndiga och sliter inte ens med permanent anv\u00e4ndning. De \u00e4r speciellt formade f\u00f6r <a href=\"https:\/\/harmonyhorse-hastbutik.se\/en\/produkt\/christ-sadelpad-helfodrad-lammull\/\" target=\"_blank\" rel=\"noopener noreferrer\">sadelpadden Quantum<\/a>. <\/span><\/span><\/p>\n<p style=\"font-weight: 400;\"><span style=\"font-weight: inherit; font-style: inherit;\"><span style=\"font-style: inherit;\">N\u00e4r du s\u00e4tter in inl\u00e4gget m\u00e5ste den avrundade kanten peka mot h\u00e4sten. Materialets tjocklek \u00e4r 15 mm. Kompositskuminl\u00e4ggen s\u00e4ljes parvis.<\/span><\/span><\/p>\n<p>Size: Full<\/p>\n<p>1-Year Warranty On The Products<\/p>\n<p>Free Shipping<\/p>","protected":false},"excerpt":{"rendered":"<p><span style=\"font-weight: inherit; font-style: inherit;\"><span style=\"font-style: inherit;\">Christ Lammfelle Kompositskuminl\u00e4gg f\u00f6r Quantum sadelpad ur Horsedream serien. <\/span>See description below.<\/span><\/p>","protected":false},"featured_media":5814,"comment_status":"open","ping_status":"closed","template":"","meta":[],"product_cat":[509],"product_tag":[1175,462,1176,463],"_links":{"self":[{"href":"https:\/\/harmonyhorse-hastbutik.se\/en\/wp-json\/wp\/v2\/product\/5816"}],"collection":[{"href":"https:\/\/harmonyhorse-hastbutik.se\/en\/wp-json\/wp\/v2\/product"}],"about":[{"href":"https:\/\/harmonyhorse-hastbutik.se\/en\/wp-json\/wp\/v2\/types\/product"}],"replies":[{"embeddable":true,"href":"https:\/\/harmonyhorse-hastbutik.se\/en\/wp-json\/wp\/v2\/comments?post=5816"}],"wp:featuredmedia":[{"embeddable":true,"href":"https:\/\/harmonyhorse-hastbutik.se\/en\/wp-json\/wp\/v2\/media\/5814"}],"wp:attachment":[{"href":"https:\/\/harmonyhorse-hastbutik.se\/en\/wp-json\/wp\/v2\/media?parent=5816"}],"wp:term":[{"taxonomy":"product_cat","embeddable":true,"href":"https:\/\/harmonyhorse-hastbutik.se\/en\/wp-json\/wp\/v2\/product_cat?post=5816"},{"taxonomy":"product_tag","embeddable":true,"href":"https:\/\/harmonyhorse-hastbutik.se\/en\/wp-json\/wp\/v2\/product_tag?post=5816"}],"curies":[{"name":"wp","href":"https:\/\/api.w.org\/{rel}","templated":true}]}}