{"id":5847,"date":"2020-11-29T12:39:53","date_gmt":"2020-11-29T11:39:53","guid":{"rendered":"https:\/\/harmonyhorse-hastbutik.se\/?post_type=product&#038;p=5847"},"modified":"2024-10-05T17:41:48","modified_gmt":"2024-10-05T15:41:48","slug":"inlagg-till-christ-butterfly-westernpad-15-mm-parvis","status":"publish","type":"product","link":"https:\/\/harmonyhorse-hastbutik.se\/en\/product\/inlagg-till-christ-butterfly-westernpad-15-mm-parvis\/","title":{"rendered":"Inl\u00e4gg till Christ Butterfly Westernpad, 15 mm, parvis"},"content":{"rendered":"<p style=\"font-weight: 400;\"><span style=\"font-weight: inherit; font-style: inherit;\"><span style=\"font-style: inherit;\"><strong>Kompositskuminl\u00e4gg till <a href=\"https:\/\/harmonyhorse-hastbutik.se\/en\/produkt\/christ-westernpad-butterfly-inlaggsficka-helfodrad-lammull-30-mm\/\" target=\"_blank\" rel=\"noopener noreferrer\">Christ Butterfly westernpad <\/a><\/strong>ur Horsedream serien.<\/span><\/span><span style=\"font-weight: inherit; font-style: inherit;\"><span style=\"font-style: inherit;\">\u00a0<\/span><\/span><\/p>\n<p style=\"font-weight: 400;\"><span style=\"font-weight: inherit; font-style: inherit;\"><span style=\"font-style: inherit;\">Dessa inl\u00e4gg m\u00f6jligg\u00f6r anpassad stoppning f\u00f6r tryckavlastning eller korrigering av sadeln. Inl\u00e4ggen<\/span><\/span><span style=\"font-weight: inherit; font-style: inherit;\"><span style=\"font-style: inherit;\"> \u00e4r mycket slitstarka, svettbest\u00e4ndiga och sliter inte ens med permanent anv\u00e4ndning.\u00a0<\/span><\/span><\/p>\n<p style=\"font-weight: 400;\"><span style=\"font-weight: inherit; font-style: inherit;\"><span style=\"font-style: inherit;\">N\u00e4r du s\u00e4tter in inl\u00e4gget m\u00e5ste den avrundade kanten peka mot h\u00e4sten. Materialets tjocklek \u00e4r 15 mm. Kompositskuminl\u00e4ggen till <a href=\"https:\/\/harmonyhorse-hastbutik.se\/en\/produkt\/christ-westernpad-butterfly-inlaggsficka-helfodrad-lammull-30-mm\/\" target=\"_blank\" rel=\"noopener noreferrer\">westernpad Butterfly<\/a>\u00a0s\u00e4ljes parvis.<\/span><\/span><\/p>\n<p>Storlek: 75, 80 cm.<\/p>\n<p>1-Year Warranty On The Products<\/p>\n<p>&nbsp;<\/p>","protected":false},"excerpt":{"rendered":"<p><span style=\"font-weight: inherit; font-style: inherit;\"><span style=\"font-style: inherit;\">Christ Lammfelle Kompositskuminl\u00e4gg f\u00f6r westernpad Butterfly ur Horsedream serien. <\/span>See description below.<\/span><\/p>","protected":false},"featured_media":5804,"comment_status":"open","ping_status":"closed","template":"","meta":[],"product_cat":[509],"product_tag":[1180,1177,1178,1176,463],"_links":{"self":[{"href":"https:\/\/harmonyhorse-hastbutik.se\/en\/wp-json\/wp\/v2\/product\/5847"}],"collection":[{"href":"https:\/\/harmonyhorse-hastbutik.se\/en\/wp-json\/wp\/v2\/product"}],"about":[{"href":"https:\/\/harmonyhorse-hastbutik.se\/en\/wp-json\/wp\/v2\/types\/product"}],"replies":[{"embeddable":true,"href":"https:\/\/harmonyhorse-hastbutik.se\/en\/wp-json\/wp\/v2\/comments?post=5847"}],"wp:featuredmedia":[{"embeddable":true,"href":"https:\/\/harmonyhorse-hastbutik.se\/en\/wp-json\/wp\/v2\/media\/5804"}],"wp:attachment":[{"href":"https:\/\/harmonyhorse-hastbutik.se\/en\/wp-json\/wp\/v2\/media?parent=5847"}],"wp:term":[{"taxonomy":"product_cat","embeddable":true,"href":"https:\/\/harmonyhorse-hastbutik.se\/en\/wp-json\/wp\/v2\/product_cat?post=5847"},{"taxonomy":"product_tag","embeddable":true,"href":"https:\/\/harmonyhorse-hastbutik.se\/en\/wp-json\/wp\/v2\/product_tag?post=5847"}],"curies":[{"name":"wp","href":"https:\/\/api.w.org\/{rel}","templated":true}]}}