{"id":5854,"date":"2020-11-29T12:57:22","date_gmt":"2020-11-29T11:57:22","guid":{"rendered":"https:\/\/harmonyhorse-hastbutik.se\/?post_type=product&#038;p=5854"},"modified":"2024-10-05T17:44:33","modified_gmt":"2024-10-05T15:44:33","slug":"inlagg-till-champ-vojlock-15-mm-parvis","status":"publish","type":"product","link":"https:\/\/harmonyhorse-hastbutik.se\/en\/product\/inlagg-till-champ-vojlock-15-mm-parvis\/","title":{"rendered":"Inl\u00e4gg till Champ &#038; Special vojlock (f\u00f6r boml\u00f6s sadel), 15 mm, parvis"},"content":{"rendered":"<p style=\"font-weight: 400;\"><span style=\"font-weight: inherit; font-style: inherit;\"><span style=\"font-style: inherit;\"><strong>Kompositskum-inl\u00e4gg till <a href=\"https:\/\/harmonyhorse-hastbutik.se\/en\/produkt\/christ-champ-sadelpad-for-bomlos-sadel-cloud-special-inlaggsficka-lammull\/\" target=\"_blank\" rel=\"noopener noreferrer\">Champ vojlock<\/a> and <a href=\"https:\/\/harmonyhorse-hastbutik.se\/en\/produkt\/christ-special-sadelpad-for-bomlos-sadel-helfodrad-lammull\/\" target=\"_blank\" rel=\"noopener noreferrer\">Special vojlock <\/a><\/strong>(f\u00f6r boml\u00f6s sadel) ur Horsedream serien.<\/span><\/span><span style=\"font-weight: inherit; font-style: inherit;\"><span style=\"font-style: inherit;\">\u00a0<\/span><\/span><\/p>\n<p style=\"font-weight: 400;\"><span style=\"font-weight: inherit; font-style: inherit;\"><span style=\"font-style: inherit;\">Dessa inl\u00e4gg m\u00f6jligg\u00f6r anpassad stoppning f\u00f6r tryckavlastning eller korrigering av sadeln. Inl\u00e4ggen<\/span><\/span><span style=\"font-weight: inherit; font-style: inherit;\"><span style=\"font-style: inherit;\"> \u00e4r mycket slitstarka, svettbest\u00e4ndiga och sliter inte ens med permanent anv\u00e4ndning.\u00a0<\/span><\/span><\/p>\n<p style=\"font-weight: 400;\"><span style=\"font-weight: inherit; font-style: inherit;\"><span style=\"font-style: inherit;\">N\u00e4r du s\u00e4tter in inl\u00e4gget m\u00e5ste den avrundade kanten peka mot h\u00e4sten. Materialets tjocklek \u00e4r 15 mm. Kompositskuminl\u00e4ggen till <a href=\"https:\/\/harmonyhorse-hastbutik.se\/en\/produkt\/christ-champ-sadelpad-for-bomlos-sadel-cloud-special-inlaggsficka-lammull\/\" target=\"_blank\" rel=\"noopener noreferrer\">Christ Champ<\/a> and <a href=\"https:\/\/harmonyhorse-hastbutik.se\/en\/produkt\/christ-special-sadelpad-for-bomlos-sadel-helfodrad-lammull\/\" target=\"_blank\" rel=\"noopener noreferrer\">Special vojlock<\/a> s\u00e4ljes parvis.<\/span><\/span><\/p>\n<p>Storlek: Full, Ponny<\/p>\n<p>1-Year Warranty On The Products<\/p>\n<p>&nbsp;<\/p>","protected":false},"excerpt":{"rendered":"<p><span style=\"font-weight: inherit; font-style: inherit;\"><span style=\"font-style: inherit;\">Christ Lammfelle Kompositskuminl\u00e4gg f\u00f6r Champ och Special vojlock ur Horsedream serien. <\/span>See description below.<\/span><\/p>","protected":false},"featured_media":5802,"comment_status":"open","ping_status":"closed","template":"","meta":[],"product_cat":[509],"product_tag":[590,1182,1181,1176,463],"_links":{"self":[{"href":"https:\/\/harmonyhorse-hastbutik.se\/en\/wp-json\/wp\/v2\/product\/5854"}],"collection":[{"href":"https:\/\/harmonyhorse-hastbutik.se\/en\/wp-json\/wp\/v2\/product"}],"about":[{"href":"https:\/\/harmonyhorse-hastbutik.se\/en\/wp-json\/wp\/v2\/types\/product"}],"replies":[{"embeddable":true,"href":"https:\/\/harmonyhorse-hastbutik.se\/en\/wp-json\/wp\/v2\/comments?post=5854"}],"wp:featuredmedia":[{"embeddable":true,"href":"https:\/\/harmonyhorse-hastbutik.se\/en\/wp-json\/wp\/v2\/media\/5802"}],"wp:attachment":[{"href":"https:\/\/harmonyhorse-hastbutik.se\/en\/wp-json\/wp\/v2\/media?parent=5854"}],"wp:term":[{"taxonomy":"product_cat","embeddable":true,"href":"https:\/\/harmonyhorse-hastbutik.se\/en\/wp-json\/wp\/v2\/product_cat?post=5854"},{"taxonomy":"product_tag","embeddable":true,"href":"https:\/\/harmonyhorse-hastbutik.se\/en\/wp-json\/wp\/v2\/product_tag?post=5854"}],"curies":[{"name":"wp","href":"https:\/\/api.w.org\/{rel}","templated":true}]}}