{"id":5897,"date":"2020-11-29T16:59:55","date_gmt":"2020-11-29T15:59:55","guid":{"rendered":"https:\/\/harmonyhorse-hastbutik.se\/?post_type=product&#038;p=5897"},"modified":"2024-10-05T17:48:02","modified_gmt":"2024-10-05T15:48:02","slug":"kompositskuminlagg-till-christ-sadelpaddar-15-mm-parvis","status":"publish","type":"product","link":"https:\/\/harmonyhorse-hastbutik.se\/en\/product\/kompositskuminlagg-till-christ-sadelpaddar-15-mm-parvis\/","title":{"rendered":"Kompositskuminl\u00e4gg till Christ Sadelpaddar, 15 mm, parvis"},"content":{"rendered":"<p style=\"font-weight: 400;\"><span style=\"font-weight: inherit; font-style: inherit;\"><span style=\"font-style: inherit;\"><strong>Kompositskuminl\u00e4gg f\u00f6r Christ sadelpaddar <\/strong>ur Horsedream serien. V\u00e4lj modell.<\/span><\/span><\/p>\n<p style=\"font-weight: 400;\"><span style=\"font-weight: inherit; font-style: inherit;\"><span style=\"font-style: inherit;\">Christ Lammfelle kompositskuminl\u00e4gg f\u00f6r sadelpaddar. Dessa inl\u00e4gg m\u00f6jligg\u00f6r anpassad stoppning f\u00f6r tryckavlastning eller korrigering av sadeln. <\/span><\/span><\/p>\n<p style=\"font-weight: 400;\"><span style=\"font-weight: inherit; font-style: inherit;\"><span style=\"font-style: inherit;\">De \u00e4r mycket slitstarka, svettbest\u00e4ndiga och sliter inte ens med permanent anv\u00e4ndning. De \u00e4r speciellt formade f\u00f6r Christ sadelpaddar med inl\u00e4ggsfickor.<\/span><\/span><\/p>\n<p style=\"font-weight: 400;\"><span style=\"font-weight: inherit; font-style: inherit;\"><span style=\"font-style: inherit;\">Kompositskuminl\u00e4ggen s\u00e4ljes parvis.<\/span><\/span><\/p>\n<p>Storlek: 15 mm<\/p>\n<p>1-Year Warranty On The Products<\/p>\n<p>&nbsp;<\/p>","protected":false},"excerpt":{"rendered":"<p><span style=\"font-weight: inherit; font-style: inherit;\"><span style=\"font-style: inherit;\">Christ Lammfelle Kompositskuminl\u00e4gg f\u00f6r\u00a0 sadelpaddar med inl\u00e4ggsfickor ur Horsedream serien. <\/span>See description below.<\/span><\/p>","protected":false},"featured_media":5942,"comment_status":"open","ping_status":"closed","template":"","meta":[],"product_cat":[509],"product_tag":[1195,1196,1194,1176,463],"_links":{"self":[{"href":"https:\/\/harmonyhorse-hastbutik.se\/en\/wp-json\/wp\/v2\/product\/5897"}],"collection":[{"href":"https:\/\/harmonyhorse-hastbutik.se\/en\/wp-json\/wp\/v2\/product"}],"about":[{"href":"https:\/\/harmonyhorse-hastbutik.se\/en\/wp-json\/wp\/v2\/types\/product"}],"replies":[{"embeddable":true,"href":"https:\/\/harmonyhorse-hastbutik.se\/en\/wp-json\/wp\/v2\/comments?post=5897"}],"wp:featuredmedia":[{"embeddable":true,"href":"https:\/\/harmonyhorse-hastbutik.se\/en\/wp-json\/wp\/v2\/media\/5942"}],"wp:attachment":[{"href":"https:\/\/harmonyhorse-hastbutik.se\/en\/wp-json\/wp\/v2\/media?parent=5897"}],"wp:term":[{"taxonomy":"product_cat","embeddable":true,"href":"https:\/\/harmonyhorse-hastbutik.se\/en\/wp-json\/wp\/v2\/product_cat?post=5897"},{"taxonomy":"product_tag","embeddable":true,"href":"https:\/\/harmonyhorse-hastbutik.se\/en\/wp-json\/wp\/v2\/product_tag?post=5897"}],"curies":[{"name":"wp","href":"https:\/\/api.w.org\/{rel}","templated":true}]}}