{"id":6869,"date":"2022-09-24T21:52:43","date_gmt":"2022-09-24T19:52:43","guid":{"rendered":"https:\/\/harmonyhorse-hastbutik.se\/?post_type=product&#038;p=6869"},"modified":"2024-11-23T14:32:31","modified_gmt":"2024-11-23T13:32:31","slug":"schabrak-bomull","status":"publish","type":"product","link":"https:\/\/harmonyhorse-hastbutik.se\/en\/product\/schabrak-bomull\/","title":{"rendered":"Bomullsschabrak La Selle"},"content":{"rendered":"<p>Schabrak bomull fr\u00e5n tyska La Selle. Det funktionella bomullsschabraket.<br \/>\nLa Selle schabrak av bomull \u00e4r ett vackert s\u00e4tt att skydda din sadel fr\u00e5n svett och smuts. Schabraket \u00e4r tunt och st\u00f6r d\u00e4rf\u00f6r inte sadelns passform. Detta bomullsschabrak kan tv\u00e4ttas i maskin i 30\u00b0C.<\/p>\n<p>Schabraket finns i f\u00e4rgerna: svart, m\u00f6rkgr\u00f6n, marinbl\u00e5, Bordeaux (m\u00f6rkr\u00f6d), mocca (brun) och champagne (beige).<\/p>\n<p>Ytmaterialet och stoppningen \u00e4r 100% bomull.<\/p>\n<p>Skriv i meddelande om du vill ha silver- eller guldtr\u00e5d.<\/p>\n<p>&nbsp;<\/p>\n<p><span style=\"display: inline !important; float: none; background-color: #ffffff; color: #333333; cursor: text; font-family: Georgia,'Times New Roman','Bitstream Charter',Times,serif; font-size: 16px; font-style: normal; font-variant: normal; font-weight: 400; letter-spacing: normal; orphans: 2; text-align: left; text-decoration: none; text-indent: 0px; text-transform: none; -webkit-text-stroke-width: 0px; white-space: normal; word-spacing: 0px;\">1-Year Warranty On The Products<\/span><\/p>\n<p>La Selle bomullsschabrak kan delbetalas r\u00e4ntefritt 3-12 m\u00e5nader med v\u00e5r samarbetspartner Sveawebpay.<\/p>","protected":false},"excerpt":{"rendered":"<p><span style=\"font-weight: inherit; font-style: inherit;\">Bomulls schabrak fr\u00e5n tyska La Selle. Det funktionella bomullsschabraket.\u00a0Se beskrivning nedan.<\/span><\/p>","protected":false},"featured_media":6874,"comment_status":"open","ping_status":"closed","template":"","meta":[],"product_cat":[356],"product_tag":[1346,1347,384,917,1361,1348],"_links":{"self":[{"href":"https:\/\/harmonyhorse-hastbutik.se\/en\/wp-json\/wp\/v2\/product\/6869"}],"collection":[{"href":"https:\/\/harmonyhorse-hastbutik.se\/en\/wp-json\/wp\/v2\/product"}],"about":[{"href":"https:\/\/harmonyhorse-hastbutik.se\/en\/wp-json\/wp\/v2\/types\/product"}],"replies":[{"embeddable":true,"href":"https:\/\/harmonyhorse-hastbutik.se\/en\/wp-json\/wp\/v2\/comments?post=6869"}],"wp:featuredmedia":[{"embeddable":true,"href":"https:\/\/harmonyhorse-hastbutik.se\/en\/wp-json\/wp\/v2\/media\/6874"}],"wp:attachment":[{"href":"https:\/\/harmonyhorse-hastbutik.se\/en\/wp-json\/wp\/v2\/media?parent=6869"}],"wp:term":[{"taxonomy":"product_cat","embeddable":true,"href":"https:\/\/harmonyhorse-hastbutik.se\/en\/wp-json\/wp\/v2\/product_cat?post=6869"},{"taxonomy":"product_tag","embeddable":true,"href":"https:\/\/harmonyhorse-hastbutik.se\/en\/wp-json\/wp\/v2\/product_tag?post=6869"}],"curies":[{"name":"wp","href":"https:\/\/api.w.org\/{rel}","templated":true}]}}